{"id":2,"date":"2018-09-18T15:32:44","date_gmt":"2018-09-18T15:32:44","guid":{"rendered":"https:\/\/www.mesys.de\/?page_id=2"},"modified":"2024-03-19T08:40:42","modified_gmt":"2024-03-19T07:40:42","slug":"start","status":"publish","type":"page","link":"https:\/\/www.mesys.de\/de\/","title":{"rendered":"Start"},"content":{"rendered":"\r\n<div class=\"wp-block-cover has-background-dim-10 has-blau-d-background-color has-background-dim alignfull min-height-Xvw\" style=\"background-image: url('https:\/\/www.mesys.de\/wp-content\/uploads\/Header_.jpg'); background-size: cover\">\r\n<div class=\"wp-block-cover__inner-container is-layout-flow wp-block-cover-is-layout-flow\">\r\n<p class=\"has-text-align-center has-large-font-size\">\u00a0<\/p>\r\n<\/div>\r\n<\/div>\r\n\r\n\r\n\r\n<div class=\"wp-block-spacer\" style=\"height: 100px;\" aria-hidden=\"true\">\u00a0<\/div>\r\n\r\n\r\n\r\n\r\n\r\n<h2 class=\"has-text-align-center top-0 blau1 wp-block-heading\"><strong>Ber\u00fchrungslose, nicht-radiometrische Messsysteme f\u00fcr Ihre flachbahnige Produktion!<\/strong><\/h2>\r\n\r\n\r\n\r\n<div class=\"wp-block-spacer\" style=\"height: 25px;\" aria-hidden=\"true\">\u00a0<\/div>\r\n\r\n\r\n\r\n<p>Mit \u00fcber 30 Jahren Erfahrung avancieren wir, die MeSys GmbH, zum f\u00fchrenden Entwickler und Hersteller von <strong>ber\u00fchrungslosen, nicht-radiometrischen Messsystemen<\/strong> f\u00fcr die Bahnmessung von <strong>Fl\u00e4chengewicht, Dicke und Feuchtigkeit<\/strong>. Unterschiedliche Herstellungsprozesse f\u00fcr die hochwertige Produktion in der <strong>Energie-, Automobil-, Sanit\u00e4r-, Verpackungs-, Bau- und Lebensmittelindustrie<\/strong> profitieren von unseren modernen Steuerungsl\u00f6sungen.<\/p>\r\n\r\n\r\n\r\n<p><em>Messanlagen f\u00fcr weltweite Eins\u00e4tze<\/em><\/p>\r\n\r\n\r\n\r\n<p>F\u00fcr unser hochqualifiziertes Team aus spezialisierten Technikern und Ingenieuren steht die Forschung und (Weiter-)Entwicklung von einfachen, effektiven und gleichzeitig zuverl\u00e4ssigen sowie sicheren Messanlagen im Mittelpunkt. Dabei best\u00e4tigen weltweite Handels- und Servicestandorte in Amerika, Europa und Asien unseren anhaltenden Expansionskurs.<\/p>\r\n\r\n\r\n\r\n<div class=\"wp-block-spacer\" style=\"height: 30px;\" aria-hidden=\"true\">\u00a0<\/div>\r\n\r\n\r\n\r\n<h2 id=\"systeme\" class=\"has-text-align-center wp-block-heading\">Einsatzgebiete in der Produktion<\/h2>\r\n\r\n\r\n<hr class=\"wp-block-separator alignwide\" \/>\r\n\r\n\r\n<div class=\"wp-block-spacer\" style=\"height: 15px;\" aria-hidden=\"true\">\u00a0<\/div>\r\n\r\n\r\n\r\n<div class=\"wp-block-columns alignwide has-3-columns mesys-icons is-layout-flex wp-container-core-columns-is-layout-9d6595d7 wp-block-columns-is-layout-flex\">\r\n<div class=\"wp-block-column is-layout-flow wp-block-column-is-layout-flow\">\r\n<div class=\"wp-block-image\">\r\n<figure class=\"aligncenter\"><a href=\"https:\/\/www.mesys.de\/de\/kalander\/\"><img decoding=\"async\" class=\"wp-image-1227\" src=\"https:\/\/www.mesys.de\/wp-content\/uploads\/mesys-calender-lines.svg\" alt=\"Mesys Calender Lines\" \/><\/a>\r\n<figcaption><a href=\"https:\/\/www.mesys.de\/de\/kalander\/\">Kalander<\/a><\/figcaption>\r\n<\/figure>\r\n<\/div>\r\n<\/div>\r\n\r\n\r\n\r\n<div class=\"wp-block-column is-layout-flow wp-block-column-is-layout-flow\">\r\n<div class=\"wp-block-image\">\r\n<figure class=\"aligncenter\"><a href=\"https:\/\/www.mesys.de\/de\/extrusion\/\"><img decoding=\"async\" class=\"wp-image-1219\" src=\"https:\/\/www.mesys.de\/wp-content\/uploads\/mesys-extrusion-lines.svg\" alt=\"Mesys Extrusion Lines\" \/><\/a>\r\n<figcaption><a href=\"https:\/\/www.mesys.de\/de\/extrusion\/\">Extrusion<\/a><\/figcaption>\r\n<\/figure>\r\n<\/div>\r\n<\/div>\r\n\r\n\r\n\r\n<div class=\"wp-block-column is-layout-flow wp-block-column-is-layout-flow\">\r\n<div class=\"wp-block-image\">\r\n<figure class=\"aligncenter\"><a href=\"https:\/\/www.mesys.de\/de\/beschichtung-und-veredelung\/\"><img decoding=\"async\" class=\"wp-image-1225\" src=\"https:\/\/www.mesys.de\/wp-content\/uploads\/mesys-coating-lines.svg\" alt=\"Mesys Coating Lines\" \/><\/a>\r\n<figcaption><a href=\"https:\/\/www.mesys.de\/de\/beschichtung-und-veredelung\/\">Beschichtung<\/a><\/figcaption>\r\n<\/figure>\r\n<\/div>\r\n<\/div>\r\n<\/div>\r\n\r\n\r\n\r\n<div class=\"wp-block-spacer not-on-mobile\" style=\"height: 50px;\" aria-hidden=\"true\">\u00a0<\/div>\r\n\r\n\r\n\r\n<div class=\"wp-block-columns alignwide has-3-columns mesys-icons is-layout-flex wp-container-core-columns-is-layout-9d6595d7 wp-block-columns-is-layout-flex\">\r\n<div class=\"wp-block-column is-layout-flow wp-block-column-is-layout-flow\">\r\n<div class=\"wp-block-image\">\r\n<figure class=\"aligncenter\"><a href=\"https:\/\/www.mesys.de\/de\/extrusionsbeschichtung\/\"><img decoding=\"async\" class=\"wp-image-1221\" src=\"https:\/\/www.mesys.de\/wp-content\/uploads\/mesys-extrusion-coating-lines.svg\" alt=\"Mesys Extrusion Coating Lines\" \/><\/a>\r\n<figcaption><a href=\"https:\/\/www.mesys.de\/de\/extrusionsbeschichtung\/\">Extrusions\u00adbeschichtung<\/a><\/figcaption>\r\n<\/figure>\r\n<\/div>\r\n<\/div>\r\n\r\n\r\n\r\n<div class=\"wp-block-column is-layout-flow wp-block-column-is-layout-flow\">\r\n<div class=\"wp-block-image\">\r\n<figure class=\"aligncenter\"><a href=\"https:\/\/www.mesys.de\/de\/vliesstoffe\/\"><img decoding=\"async\" class=\"wp-image-1215\" src=\"https:\/\/www.mesys.de\/wp-content\/uploads\/mesys-non-woven-lines.svg\" alt=\"Mesys Non-woven Lines\" \/><\/a>\r\n<figcaption><a href=\"https:\/\/www.mesys.de\/de\/vliesstoffe\/\">Vliesstoffe<\/a><\/figcaption>\r\n<\/figure>\r\n<\/div>\r\n<\/div>\r\n\r\n\r\n\r\n<div class=\"wp-block-column is-layout-flow wp-block-column-is-layout-flow\">\r\n<div class=\"wp-block-image\">\r\n<figure class=\"aligncenter\"><a href=\"https:\/\/www.mesys.de\/de\/verbundmaterialien\/\"><img decoding=\"async\" class=\"wp-image-1223\" src=\"https:\/\/www.mesys.de\/wp-content\/uploads\/mesys-composites-lines.svg\" alt=\"Mesys Composites Lines\" \/><\/a>\r\n<figcaption><a href=\"https:\/\/www.mesys.de\/de\/verbundmaterialien\/\">Verbundmaterialien<\/a><\/figcaption>\r\n<\/figure>\r\n<\/div>\r\n<\/div>\r\n<\/div>\r\n\r\n\r\n\r\n<div class=\"wp-block-spacer not-on-mobile\" style=\"height: 50px;\" aria-hidden=\"true\">\u00a0<\/div>\r\n\r\n\r\n\r\n<div class=\"wp-block-columns alignwide has-3-columns mesys-icons is-layout-flex wp-container-core-columns-is-layout-9d6595d7 wp-block-columns-is-layout-flex\">\r\n<div class=\"wp-block-column is-layout-flow wp-block-column-is-layout-flow\">\r\n<div class=\"wp-block-image\">\r\n<figure class=\"aligncenter\"><a href=\"https:\/\/www.mesys.de\/de\/lamination\/\"><img decoding=\"async\" class=\"wp-image-1217\" src=\"https:\/\/www.mesys.de\/wp-content\/uploads\/mesys-lamination-lines.svg\" alt=\"Mesys Lamination Lines\" \/><\/a>\r\n<figcaption><a href=\"https:\/\/www.mesys.de\/de\/lamination\/\">Lamination<\/a><\/figcaption>\r\n<\/figure>\r\n<\/div>\r\n<\/div>\r\n\r\n\r\n\r\n<div class=\"wp-block-column is-layout-flow wp-block-column-is-layout-flow\">\r\n<p>&nbsp;<\/p>\r\n<\/div>\r\n\r\n\r\n\r\n<div class=\"wp-block-column is-layout-flow wp-block-column-is-layout-flow\">\u00a0<\/div>\r\n<\/div>\r\n\r\n\r\n\r\n<div class=\"wp-block-spacer not-on-mobile\" style=\"height: 50px;\" aria-hidden=\"true\">\u00a0<\/div>\r\n\r\n\r\n\r\n<h2 id=\"sensoren\" class=\"has-text-align-center wp-block-heading\">Messsysteme f\u00fcr die &#8230;<\/h2>\r\n\r\n\r\n<hr class=\"wp-block-separator alignwide\" \/>\r\n\r\n\r\n<div class=\"wp-block-spacer\" style=\"height: 100px;\" aria-hidden=\"true\">\u00a0<\/div>\r\n\r\n\r\n\r\n<div class=\"wp-block-columns alignwide has-2-columns mesys-icons is-layout-flex wp-container-core-columns-is-layout-9d6595d7 wp-block-columns-is-layout-flex\">\r\n<div class=\"wp-block-column is-layout-flow wp-block-column-is-layout-flow\">\r\n<div class=\"wp-block-image width-icon-sensors\">\r\n<figure class=\"aligncenter is-resized\"><a href=\"https:\/\/www.mesys.de\/de\/dickenmessung\/\"><img loading=\"lazy\" decoding=\"async\" class=\"wp-image-1937\" src=\"https:\/\/www.mesys.de\/wp-content\/uploads\/mesys-icon-thickness-measurement-a.svg\" alt=\"Icon thickness measurement - MeSys GmbH\" width=\"182\" height=\"114\" \/><\/a><\/figure>\r\n<\/div>\r\n\r\n\r\n\r\n<h5 class=\"has-text-align-center top-0 wp-block-heading\"><a href=\"https:\/\/www.mesys.de\/de\/dickenmessung\/\">Dickenmessung<\/a><\/h5>\r\n\r\n\r\n\r\n<p>Ber\u00fchrungslose und ber\u00fchrende Dickenmessung von 0 bis 30.000 \u00b5m mit einer Genauigkeit bis zu 0,1 \u00b5m.<\/p>\r\n<\/div>\r\n\r\n\r\n\r\n<div class=\"wp-block-column is-layout-flow wp-block-column-is-layout-flow\">\r\n<div class=\"wp-block-image width-icon-sensors\">\r\n<figure class=\"aligncenter is-resized\"><a href=\"https:\/\/www.mesys.de\/de\/gewichtsmessung\/\"><img loading=\"lazy\" decoding=\"async\" class=\"wp-image-1935\" src=\"https:\/\/www.mesys.de\/wp-content\/uploads\/mesys-icon-weight-measurement-a.svg\" alt=\"Icon weight measurement - MeSys GmbH\" width=\"182\" height=\"122\" \/><\/a><\/figure>\r\n<\/div>\r\n\r\n\r\n\r\n<h5 class=\"has-text-align-center top-0 wp-block-heading\"><a href=\"https:\/\/www.mesys.de\/de\/gewichtsmessung\/\">Fl\u00e4chengewichtsmessung<\/a><\/h5>\r\n\r\n\r\n\r\n<p>Ber\u00fchrungslose Messung im Bereich von 0,1 bis 12.000 g\/m<sup>2<\/sup>\u00a0mit einer Genauigkeit bis zu 0,3 %.<\/p>\r\n<\/div>\r\n<\/div>\r\n\r\n\r\n\r\n<div class=\"wp-block-spacer not-on-mobile\" style=\"height: 80px;\" aria-hidden=\"true\">\u00a0<\/div>\r\n\r\n\r\n\r\n<div class=\"wp-block-columns alignwide has-2-columns mesys-icons is-layout-flex wp-container-core-columns-is-layout-9d6595d7 wp-block-columns-is-layout-flex\">\r\n<div class=\"wp-block-column is-layout-flow wp-block-column-is-layout-flow\">\r\n<div class=\"wp-block-image width-icon-sensors\">\r\n<figure class=\"aligncenter is-resized\"><a href=\"https:\/\/www.mesys.de\/de\/oberflacheninspektion\/\"><img loading=\"lazy\" decoding=\"async\" class=\"wp-image-1939\" src=\"https:\/\/www.mesys.de\/wp-content\/uploads\/mesys-icon-surface-detection-a.svg\" alt=\"Icon surface detection - MeSys GmbH\" width=\"182\" height=\"118\" \/><\/a><\/figure>\r\n<\/div>\r\n\r\n\r\n\r\n<h5 class=\"has-text-align-center top-0 wp-block-heading\"><a href=\"https:\/\/www.mesys.de\/de\/oberflacheninspektion\/\">Oberfl\u00e4cheninspektion<\/a><\/h5>\r\n\r\n\r\n\r\n<p>Ber\u00fchrungslose Randstreifenvermessung mit einer Aufl\u00f6sung bis zu 25 \u00b5m.<\/p>\r\n<\/div>\r\n\r\n\r\n\r\n<div class=\"wp-block-column is-layout-flow wp-block-column-is-layout-flow\">\r\n<div class=\"wp-block-image width-icon-sensors\">\r\n<figure class=\"aligncenter is-resized\"><a href=\"https:\/\/www.mesys.de\/de\/feuchtigkeitsmessung\/\"><img loading=\"lazy\" decoding=\"async\" class=\"wp-image-1943\" src=\"https:\/\/www.mesys.de\/wp-content\/uploads\/mesys-icon-moisture-measurement-a.svg\" alt=\"Icon moisture measurement - MeSys GmbH\" width=\"182\" height=\"118\" \/><\/a><\/figure>\r\n<\/div>\r\n\r\n\r\n\r\n<h5 class=\"has-text-align-center top-0 wp-block-heading\"><a href=\"https:\/\/www.mesys.de\/de\/feuchtigkeitsmessung\/\">Feuchtigkeitsmessung<\/a><\/h5>\r\n\r\n\r\n\r\n<p>Ber\u00fchrungslose Feuchtigkeits- und Beschichtungsmessung von 0,1 bis 200 g\/m<sup>2<\/sup> mit einer Genauigkeit bis zu 0,2 %.<\/p>\r\n<\/div>\r\n<\/div>\r\n\r\n\r\n\r\n<div class=\"wp-block-spacer not-on-desktop\" style=\"height: 100px;\" aria-hidden=\"true\">\u00a0<\/div>\r\n\r\n\r\n\r\n<div class=\"wp-block-spacer not-on-mobile\" style=\"height: 800px;\" aria-hidden=\"true\">\u00a0<\/div>\r\n\r\n\r\n\r\n<div class=\"wp-block-cover-image has-background-dim-10 has-background-dim has-right-content alignfull cover-bottom not-on-mobile\" style=\"background-image: url('https:\/\/www.mesys.de\/wp-content\/uploads\/MeSys_Gebaeudefront_2000x1000.jpg');\">\r\n<p class=\"wp-block-cover-image-text\" data-aos=\"zoom-in-down\"><a class=\"button\" href=\"https:\/\/www.mesys.de\/de\/kontakt\/\">Kontaktieren Sie uns<\/a><\/p>\r\n<\/div>\r\n","protected":false},"excerpt":{"rendered":"<p>Ber\u00fchrungslose, nicht-radiometrische Messsysteme f\u00fcr Ihre flachbahnige Produktion! Mit \u00fcber 30 Jahren Erfahrung avancieren wir, die MeSys GmbH, zum f\u00fchrenden Entwickler und Hersteller von ber\u00fchrungslosen, nicht-radiometrischen Messsystemen f\u00fcr die Bahnmessung von Fl\u00e4chengewicht, Dicke und Feuchtigkeit. Unterschiedliche Herstellungsprozesse f\u00fcr die hochwertige Produktion in der Energie-, Automobil-, Sanit\u00e4r-, Verpackungs-, Bau- und Lebensmittelindustrie profitieren von unseren modernen Steuerungsl\u00f6sungen. Messanlagen &hellip;<\/p>\n","protected":false},"author":5,"featured_media":0,"parent":0,"menu_order":0,"comment_status":"closed","ping_status":"closed","template":"","meta":{"_seopress_robots_primary_cat":"","_seopress_titles_title":"MeSys GmbH - Messysteme, ber\u00fchrungslos, nicht-radiometrisch","_seopress_titles_desc":"MeSys GmbH entwickelt und stellt ber\u00fchrungslose, nicht-radiometrische Messsysteme f\u00fcr die Bahnmessung von Fl\u00e4chengewicht, Dicke und Feuchtigkeit her.","_seopress_robots_index":"","footnotes":""},"class_list":["post-2","page","type-page","status-publish","hentry","post","without-featured-image"],"_links":{"self":[{"href":"https:\/\/www.mesys.de\/de\/wp-json\/wp\/v2\/pages\/2","targetHints":{"allow":["GET"]}}],"collection":[{"href":"https:\/\/www.mesys.de\/de\/wp-json\/wp\/v2\/pages"}],"about":[{"href":"https:\/\/www.mesys.de\/de\/wp-json\/wp\/v2\/types\/page"}],"author":[{"embeddable":true,"href":"https:\/\/www.mesys.de\/de\/wp-json\/wp\/v2\/users\/5"}],"replies":[{"embeddable":true,"href":"https:\/\/www.mesys.de\/de\/wp-json\/wp\/v2\/comments?post=2"}],"version-history":[{"count":27,"href":"https:\/\/www.mesys.de\/de\/wp-json\/wp\/v2\/pages\/2\/revisions"}],"predecessor-version":[{"id":4180,"href":"https:\/\/www.mesys.de\/de\/wp-json\/wp\/v2\/pages\/2\/revisions\/4180"}],"wp:attachment":[{"href":"https:\/\/www.mesys.de\/de\/wp-json\/wp\/v2\/media?parent=2"}],"curies":[{"name":"wp","href":"https:\/\/api.w.org\/{rel}","templated":true}]}}