{"id":2117,"date":"2018-10-05T11:27:53","date_gmt":"2018-10-05T09:27:53","guid":{"rendered":"https:\/\/www.mesys.de\/?page_id=2117"},"modified":"2024-03-19T08:46:43","modified_gmt":"2024-03-19T07:46:43","slug":"kalander","status":"publish","type":"page","link":"https:\/\/www.mesys.de\/de\/kalander\/","title":{"rendered":"Kalander"},"content":{"rendered":"\r\n<div class=\"wp-block-cover has-background-dim-10 has-blau-d-background-color has-background-dim alignfull min-height-Xvw\" style=\"background-image: url('https:\/\/www.mesys.de\/wp-content\/uploads\/Header_.jpg');background-size: cover\">\r\n<div class=\"wp-block-cover__inner-container is-layout-flow wp-block-cover-is-layout-flow\">\r\n<p class=\"has-large-font-size\" style=\"text-align: center;\">\u00a0<\/p>\r\n<\/div>\r\n<\/div>\r\n\r\n\r\n\r\n<div class=\"wp-block-spacer\" style=\"height: 50px;\" aria-hidden=\"true\">\u00a0<\/div>\r\n\r\n\r\n\r\n<div class=\"wp-block-image\">\r\n<figure class=\"aligncenter is-resized\"><img loading=\"lazy\" decoding=\"async\" class=\"wp-image-1227\" src=\"https:\/\/www.mesys.de\/wp-content\/uploads\/mesys-calender-lines.svg\" alt=\"Mesys Calender Lines\" width=\"400\" height=\"178\" \/><\/figure>\r\n<\/div>\r\n\r\n\r\n\r\n<h1 class=\"top-0 wp-block-heading\" style=\"text-align: center;\">Kalander<\/h1>\r\n\r\n\r\n<hr class=\"wp-block-separator\" \/>\r\n\r\n\r\n<div class=\"wp-block-image\">\r\n<figure class=\"alignright is-resized\"><img loading=\"lazy\" decoding=\"async\" class=\"wp-image-2750\" src=\"https:\/\/www.mesys.de\/wp-content\/uploads\/Kalander-53028563_s.jpg\" alt=\"Kalandar\" width=\"300\" height=\"178\" \/><\/figure>\r\n<\/div>\r\n\r\n\r\n\r\n<p>Bei Kalandrierungsprozessen wird mittels Kalanderwalzen die Masse des aufgeschmolzenen Polymers zu einer Folie ausgewalzt. Dabei ist eine gleichm\u00e4\u00dfige Dicke der Folie f\u00fcr ein tadelloses Endprodukt und hohe Qualit\u00e4t entscheidend. Wir bieten unter Ber\u00fccksichtigung der physikalischen Produkteigenschaften und der Erfordernisse des Herstellungsprozesses verschiedene Sensortechnologien f\u00fcr die Dickenmessung an.<\/p>\r\n\r\n\r\n\r\n<p class=\"download-pdf\" style=\"text-align: right;\"><a href=\"https:\/\/www.mesys.de\/wp-content\/uploads\/XXX.pdf\" target=\"_blank\" rel=\"noopener noreferrer\"><i class=\"fas fa-file-pdf\" style=\"font-size: 32px;\"><\/i> \u00a0 Download PDF<\/a><\/p>\r\n\r\n\r\n\r\n<h4 class=\"wp-block-heading\">Systemspezifikation<\/h4>\r\n\r\n\r\n\r\n<p>PVC Kalandrierung<\/p>\r\n\r\n\r\n\r\n<h4 class=\"wp-block-heading\">Dickenbereich<\/h4>\r\n\r\n\r\n\r\n<p>0,1 \u00b5m &#8211; 30 mm<\/p>\r\n\r\n\r\n\r\n<h4 class=\"wp-block-heading\">Sensorl\u00f6sungen f\u00fcr die Dickenmessung<\/h4>\r\n\r\n\r\n\r\n<p><a href=\"https:\/\/www.mesys.de\/de\/dickenmessung\/\" target=\"_blank\" rel=\"noreferrer noopener\" aria-label=\" (\u00f6ffnet in neuem Tab)\">USMX<\/a> 0,1 \u00b5m &#8211; 200 \u00b5m<br \/><a href=\"https:\/\/www.mesys.de\/de\/dickenmessung\/\" target=\"_blank\" rel=\"noreferrer noopener\" aria-label=\" (\u00f6ffnet in neuem Tab)\">DAC<\/a> 200 \u00b5m &#8211; 30 mm<\/p>\r\n\r\n\r\n\r\n<div class=\"wp-block-spacer\" style=\"height: 20px;\" aria-hidden=\"true\">\u00a0<\/div>\r\n\r\n\r\n\r\n<p>&nbsp;<\/p>\r\n","protected":false},"excerpt":{"rendered":"<p>Kalander Bei Kalandrierungsprozessen wird mittels Kalanderwalzen die Masse des aufgeschmolzenen Polymers zu einer Folie ausgewalzt. Dabei ist eine gleichm\u00e4\u00dfige Dicke der Folie f\u00fcr ein tadelloses Endprodukt und hohe Qualit\u00e4t entscheidend. Wir bieten unter Ber\u00fccksichtigung der physikalischen Produkteigenschaften und der Erfordernisse des Herstellungsprozesses verschiedene Sensortechnologien f\u00fcr die Dickenmessung an. \u00a0 Download PDF Systemspezifikation PVC Kalandrierung Dickenbereich &hellip;<\/p>\n","protected":false},"author":5,"featured_media":0,"parent":0,"menu_order":11,"comment_status":"closed","ping_status":"closed","template":"page-mesys.php","meta":{"_seopress_robots_primary_cat":"","_seopress_titles_title":"Kalander | MeSys GmbH","_seopress_titles_desc":"Bei Kalandrierungsprozessen ist die Dickenregelung w\u00e4hrend der Produktion entscheidend, um ein Produkt in hoher Qualit\u00e4t zu erhalten. MeSys Sensortechnologien..","_seopress_robots_index":"","footnotes":""},"class_list":["post-2117","page","type-page","status-publish","hentry","post","without-featured-image"],"_links":{"self":[{"href":"https:\/\/www.mesys.de\/de\/wp-json\/wp\/v2\/pages\/2117","targetHints":{"allow":["GET"]}}],"collection":[{"href":"https:\/\/www.mesys.de\/de\/wp-json\/wp\/v2\/pages"}],"about":[{"href":"https:\/\/www.mesys.de\/de\/wp-json\/wp\/v2\/types\/page"}],"author":[{"embeddable":true,"href":"https:\/\/www.mesys.de\/de\/wp-json\/wp\/v2\/users\/5"}],"replies":[{"embeddable":true,"href":"https:\/\/www.mesys.de\/de\/wp-json\/wp\/v2\/comments?post=2117"}],"version-history":[{"count":11,"href":"https:\/\/www.mesys.de\/de\/wp-json\/wp\/v2\/pages\/2117\/revisions"}],"predecessor-version":[{"id":4183,"href":"https:\/\/www.mesys.de\/de\/wp-json\/wp\/v2\/pages\/2117\/revisions\/4183"}],"wp:attachment":[{"href":"https:\/\/www.mesys.de\/de\/wp-json\/wp\/v2\/media?parent=2117"}],"curies":[{"name":"wp","href":"https:\/\/api.w.org\/{rel}","templated":true}]}}