{"id":2121,"date":"2018-10-05T11:34:05","date_gmt":"2018-10-05T09:34:05","guid":{"rendered":"https:\/\/www.mesys.de\/?page_id=2121"},"modified":"2024-03-19T08:47:10","modified_gmt":"2024-03-19T07:47:10","slug":"extrusion","status":"publish","type":"page","link":"https:\/\/www.mesys.de\/de\/extrusion\/","title":{"rendered":"Extrusion"},"content":{"rendered":"\r\n<div class=\"wp-block-cover has-background-dim-10 has-blau-d-background-color has-background-dim alignfull min-height-Xvw\" style=\"background-image: url('https:\/\/www.mesys.de\/wp-content\/uploads\/Header_.jpg');background-size: cover\">\r\n<div class=\"wp-block-cover__inner-container is-layout-flow wp-block-cover-is-layout-flow\">\r\n<p class=\"has-text-align-center has-large-font-size\"><\/p>\r\n<\/div><\/div>\r\n\r\n\r\n\r\n<div style=\"height:20px\" aria-hidden=\"true\" class=\"wp-block-spacer\"><\/div>\r\n\r\n\r\n\r\n<div class=\"wp-block-image bottom-0\"><figure class=\"aligncenter is-resized\"><img loading=\"lazy\" decoding=\"async\" src=\"https:\/\/www.mesys.de\/wp-content\/uploads\/mesys-extrusion-lines.svg\" alt=\"Mesys Extrusion Lines\" class=\"wp-image-1219\" width=\"400\" height=\"178\"\/><\/figure><\/div>\r\n\r\n\r\n\r\n<h1 class=\"has-text-align-center top-0 wp-block-heading\">Extrusion<\/h1>\r\n\r\n\r\n\r\n<hr class=\"wp-block-separator\"\/>\r\n\r\n\r\n\r\n<div class=\"wp-block-image\"><figure class=\"alignright is-resized\"><img loading=\"lazy\" decoding=\"async\" src=\"https:\/\/www.mesys.de\/wp-content\/uploads\/Extrusion-34920434_s.jpg\" alt=\"Extrusion\" class=\"wp-image-2763\" width=\"300\" height=\"178\"\/><\/figure><\/div>\r\n\r\n\r\n\r\n<p class=\"has-text-align-left\">In Zusammenarbeit mit den weltweit gr\u00f6\u00dften Produzenten von Filmprodukten haben wir hochgenaue inline Messanlagen sowie Hochleistungs-Steuerungsalgorithmen entwickelt. Die inline Dickenmessanlage ist eine patentierte Technologie, die einen gro\u00dfen Schritt in Richtung Qualit\u00e4tssicherung in der Produktion erm\u00f6glicht. F\u00fcr Sie ergeben sich durch den Einsatz unserer MeSys-Produkte folgende Vorteile:&nbsp;  <\/p>\r\n\r\n\r\n\r\n<div class=\"wp-block-columns has-2-columns is-layout-flex wp-container-core-columns-is-layout-9d6595d7 wp-block-columns-is-layout-flex\">\r\n<div class=\"wp-block-column is-layout-flow wp-block-column-is-layout-flow\">\r\n<ul class=\"wp-block-list\"><li>Verbesserung der Produktqualit\u00e4t<\/li><li>Sichere, nicht radiometrische Technologie<\/li><li>Kurze Anlaufzeiten<\/li><li>Maximierung der Produktausbeute<\/li><li>Minimierung der Produktionskosten<\/li><\/ul>\r\n<\/div>\r\n\r\n\r\n\r\n<div class=\"wp-block-column is-layout-flow wp-block-column-is-layout-flow\">\r\n<ul class=\"wp-block-list\"><li>Prozessoptimierung<\/li><li>Reduzierung der Ausfallzeit<\/li><li>Rohstoffersparnis<\/li><li>Verringerung der Energiekosten<\/li><\/ul>\r\n\r\n\r\n\r\n<div style=\"height:20px\" aria-hidden=\"true\" class=\"wp-block-spacer\"><\/div>\r\n<\/div>\r\n<\/div>\r\n\r\n\r\n\r\n<h4 class=\"wp-block-heading\">Systemspezifikation<\/h4>\r\n\r\n\r\n\r\n<p>Biax Extrusion<br>Gussextrusion<br>Folien und Plattenextrusion <\/p>\r\n\r\n\r\n\r\n<h4 class=\"wp-block-heading\">Messbereich<\/h4>\r\n\r\n\r\n\r\n<p>1 \u00b5m &#8211; 30 mm <\/p>\r\n\r\n\r\n\r\n<h4 class=\"wp-block-heading\">Sensorl\u00f6sungen f\u00fcr die Dickenmessung<\/h4>\r\n\r\n\r\n\r\n<div class=\"wp-block-columns has-2-columns is-layout-flex wp-container-core-columns-is-layout-9d6595d7 wp-block-columns-is-layout-flex\">\r\n<div class=\"wp-block-column is-layout-flow wp-block-column-is-layout-flow\">\r\n<p><a href=\"https:\/\/www.mesys.de\/de\/dickenmessung\/\" target=\"_blank\" rel=\"noreferrer noopener\" aria-label=\" (\u00f6ffnet in neuem Tab)\">USMX200<\/a>&nbsp; &nbsp;0,1 \u00b5m &#8211; 1.000 \u00b5m<br><a href=\"https:\/\/www.mesys.de\/de\/dickenmessung\/\" target=\"_blank\" rel=\"noreferrer noopener\" aria-label=\" (\u00f6ffnet in neuem Tab)\">DAC<\/a>&nbsp; &nbsp;500 \u00b5m &#8211; 30 mm<br><a href=\"https:\/\/www.mesys.de\/de\/dickenmessung\/\" target=\"_blank\" rel=\"noreferrer noopener\" aria-label=\" (\u00f6ffnet in neuem Tab)\">MM2&nbsp;<\/a> &nbsp;200 \u00b5m &#8211; 4 mm<br><a href=\"https:\/\/www.mesys.de\/en\/thickness-measurement\/#lss2\">LS<\/a><a href=\"https:\/\/www.mesys.de\/de\/dickenmessung\/\" target=\"_blank\" rel=\"noreferrer noopener\" aria-label=\" (\u00f6ffnet in neuem Tab)\">S2&nbsp;<\/a> &nbsp;200 \u00b5m &#8211; 4 mm  <\/p>\r\n\r\n\r\n\r\n<p><\/p>\r\n\r\n\r\n\r\n<div style=\"height:20px\" aria-hidden=\"true\" class=\"wp-block-spacer\"><\/div>\r\n<\/div>\r\n\r\n\r\n\r\n<div class=\"wp-block-column is-layout-flow wp-block-column-is-layout-flow\">\r\n<p><br><\/p>\r\n<\/div>\r\n<\/div>\r\n\r\n\r\n\r\n<div style=\"height:20px\" aria-hidden=\"true\" class=\"wp-block-spacer\"><\/div>\r\n\r\n\r\n\r\n<p class=\"download-pdf\" style=\"text-align: right;\"><a href=\"https:\/\/www.mesys.de\/wp-content\/uploads\/XXX.pdf\" target=\"_blank\" rel=\"noopener noreferrer\"><i style=\"font-size: 32px;\" class=\"fas fa-file-pdf\"><\/i> &nbsp; Download PDF<\/a><\/p>\r\n","protected":false},"excerpt":{"rendered":"<p>Extrusion In Zusammenarbeit mit den weltweit gr\u00f6\u00dften Produzenten von Filmprodukten haben wir hochgenaue inline Messanlagen sowie Hochleistungs-Steuerungsalgorithmen entwickelt. Die inline Dickenmessanlage ist eine patentierte Technologie, die einen gro\u00dfen Schritt in Richtung Qualit\u00e4tssicherung in der Produktion erm\u00f6glicht. F\u00fcr Sie ergeben sich durch den Einsatz unserer MeSys-Produkte folgende Vorteile:&nbsp; Verbesserung der Produktqualit\u00e4t Sichere, nicht radiometrische Technologie Kurze &hellip;<\/p>\n","protected":false},"author":5,"featured_media":0,"parent":0,"menu_order":12,"comment_status":"closed","ping_status":"closed","template":"page-mesys.php","meta":{"_seopress_robots_primary_cat":"","_seopress_titles_title":"Extrusion | MeSys GmbH","_seopress_titles_desc":"Bei der Extrusion ist die inline Dickenmessanlage eine patentierte Technologie, die einen gro\u00dfen Schritt in Richtung Qualit\u00e4tssicherung in der Produktion erm\u00f6glicht. ","_seopress_robots_index":"","footnotes":""},"class_list":["post-2121","page","type-page","status-publish","hentry","post","without-featured-image"],"_links":{"self":[{"href":"https:\/\/www.mesys.de\/de\/wp-json\/wp\/v2\/pages\/2121","targetHints":{"allow":["GET"]}}],"collection":[{"href":"https:\/\/www.mesys.de\/de\/wp-json\/wp\/v2\/pages"}],"about":[{"href":"https:\/\/www.mesys.de\/de\/wp-json\/wp\/v2\/types\/page"}],"author":[{"embeddable":true,"href":"https:\/\/www.mesys.de\/de\/wp-json\/wp\/v2\/users\/5"}],"replies":[{"embeddable":true,"href":"https:\/\/www.mesys.de\/de\/wp-json\/wp\/v2\/comments?post=2121"}],"version-history":[{"count":15,"href":"https:\/\/www.mesys.de\/de\/wp-json\/wp\/v2\/pages\/2121\/revisions"}],"predecessor-version":[{"id":4187,"href":"https:\/\/www.mesys.de\/de\/wp-json\/wp\/v2\/pages\/2121\/revisions\/4187"}],"wp:attachment":[{"href":"https:\/\/www.mesys.de\/de\/wp-json\/wp\/v2\/media?parent=2121"}],"curies":[{"name":"wp","href":"https:\/\/api.w.org\/{rel}","templated":true}]}}