{"id":2131,"date":"2018-10-05T11:44:06","date_gmt":"2018-10-05T09:44:06","guid":{"rendered":"https:\/\/www.mesys.de\/?page_id=2131"},"modified":"2019-06-17T16:42:20","modified_gmt":"2019-06-17T14:42:20","slug":"extrusionsbeschichtung","status":"publish","type":"page","link":"https:\/\/www.mesys.de\/de\/extrusionsbeschichtung\/","title":{"rendered":"Extrusionsbeschichtung"},"content":{"rendered":"\n<div class=\"wp-block-cover has-background-dim-10 has-blau-d-background-color has-background-dim alignfull has-undefined-content min-height-Xvw\" style=\"background-image:url(https:\/\/www.mesys.de\/wp-content\/uploads\/MeSys-Header3_2100x280.jpg)\"><div class=\"wp-block-cover__inner-container is-layout-flow wp-block-cover-is-layout-flow\">\n<p style=\"text-align:center\" class=\"has-large-font-size\"><\/p>\n<\/div><\/div>\n\n\n\n<div style=\"height:30px\" aria-hidden=\"true\" class=\"wp-block-spacer\"><\/div>\n\n\n\n<div class=\"wp-block-image bottom-0\"><figure class=\"aligncenter is-resized\"><img loading=\"lazy\" decoding=\"async\" src=\"https:\/\/www.mesys.de\/wp-content\/uploads\/mesys-extrusion-coating-lines.svg\" alt=\"Mesys Extrusion Coating Lines\" class=\"wp-image-1221\" width=\"400\" height=\"178\"\/><\/figure><\/div>\n\n\n\n<h1 class=\"top-0 wp-block-heading\" style=\"text-align:center\">Extrusionsbeschichtung<\/h1>\n\n\n\n<hr class=\"wp-block-separator\"\/>\n\n\n\n<div class=\"wp-block-image\"><figure class=\"alignright is-resized\"><img loading=\"lazy\" decoding=\"async\" src=\"https:\/\/www.mesys.de\/wp-content\/uploads\/Extrusionsbeschichtung-29490424_s.jpg\" alt=\"Extrusionsbeschichtung\" class=\"wp-image-2775\" width=\"300\" height=\"178\"\/><\/figure><\/div>\n\n\n\n<p>Bei der Extrusionsbeschichtung von flexiblen Verpackungen und Getr\u00e4nkeverpackungen sind eine exakte Feuchtigkeitskontrolle der Ausgangsmaterialien, die Dicke des Polymerlaminats sowie die Beschichtung auf metallisierten Oberfl\u00e4chen Faktoren, die \u00fcberpr\u00fcft werden m\u00fcssen. Nur so entsteht ein qualitativ hochwertiges Endprodukt. <\/p>\n\n\n\n<p>Damit Sie dieses Ziel erreichen, haben wir eine Reihe von ber\u00fchrungslosen Sensortechnologien entwickelt, die eine komplette Kontrolle des Herstellungsprozesses von laminierten und beschichteten Produkten erm\u00f6glicht.<\/p>\n\n\n\n<h4 class=\"wp-block-heading\">Systemspezifikation<\/h4>\n\n\n\n<p>Beschichtung von Aluminium<br>Beschichtung von Papier usw.<\/p>\n\n\n\n<h4 class=\"wp-block-heading\">Messbereich<\/h4>\n\n\n\n<p>0,1 \u00b5m \u2013 4.000 \u00b5m<\/p>\n\n\n\n<h4 class=\"wp-block-heading\">Sensorl\u00f6sungen f\u00fcr die Gewichtsmessung<\/h4>\n\n\n\n<p><a href=\"https:\/\/www.mesys.de\/de\/gewichtsmessung\/\" target=\"_blank\" rel=\"noreferrer noopener\" aria-label=\" (\u00f6ffnet in neuem Tab)\">USMX200<\/a>\u00a0 \u00a00,1 \u00b5m &#8211; 1.000 \u00b5m<br><a href=\"https:\/\/www.mesys.de\/de\/gewichtsmessung\/\" target=\"_blank\" rel=\"noreferrer noopener\" aria-label=\" (\u00f6ffnet in neuem Tab)\">USMX500<\/a>\u00a0 \u00a01.000 \u00b5m &#8211; 4.000 \u00b5m <\/p>\n\n\n\n<h4 class=\"wp-block-heading\">Sensorl\u00f6sungen f\u00fcr die Dickenmessung<\/h4>\n\n\n\n<p><a href=\"https:\/\/www.mesys.de\/de\/dickenmessung\/\" target=\"_blank\" rel=\"noreferrer noopener\" aria-label=\" (\u00f6ffnet in neuem Tab)\">MCT TC\u00a0<\/a> \u00a00,1 \u00b5m &#8211; 100 \u00b5m<\/p>\n\n\n\n<div style=\"height:20px\" aria-hidden=\"true\" class=\"wp-block-spacer\"><\/div>\n\n\n\n<p class=\"download-pdf\" style=\"text-align: right;\"><a href=\"https:\/\/www.mesys.de\/wp-content\/uploads\/XXX.pdf\" target=\"_blank\" rel=\"noopener noreferrer\"><i style=\"font-size: 32px;\" class=\"fas fa-file-pdf\"><\/i> &nbsp; Download PDF<\/a><\/p>\n","protected":false},"excerpt":{"rendered":"<p>Extrusionsbeschichtung Bei der Extrusionsbeschichtung von flexiblen Verpackungen und Getr\u00e4nkeverpackungen sind eine exakte Feuchtigkeitskontrolle der Ausgangsmaterialien, die Dicke des Polymerlaminats sowie die Beschichtung auf metallisierten Oberfl\u00e4chen Faktoren, die \u00fcberpr\u00fcft werden m\u00fcssen. Nur so entsteht ein qualitativ hochwertiges Endprodukt. Damit Sie dieses Ziel erreichen, haben wir eine Reihe von ber\u00fchrungslosen Sensortechnologien entwickelt, die eine komplette Kontrolle des &hellip;<\/p>\n","protected":false},"author":5,"featured_media":0,"parent":0,"menu_order":14,"comment_status":"closed","ping_status":"closed","template":"page-mesys.php","meta":{"_seopress_robots_primary_cat":"","_seopress_titles_title":"Extrusionsbeschichtung | MeSys GmbH","_seopress_titles_desc":"Bei der Extrusionsbeschichtung von flexiblen Verpackungen und Getr\u00e4nkeverpackungen sind eine exakte Feuchtigkeitskontrolle der Ausgangsmaterialien, die Dicke des Polymerlaminats...","_seopress_robots_index":"","footnotes":""},"class_list":["post-2131","page","type-page","status-publish","hentry","post","without-featured-image"],"_links":{"self":[{"href":"https:\/\/www.mesys.de\/de\/wp-json\/wp\/v2\/pages\/2131","targetHints":{"allow":["GET"]}}],"collection":[{"href":"https:\/\/www.mesys.de\/de\/wp-json\/wp\/v2\/pages"}],"about":[{"href":"https:\/\/www.mesys.de\/de\/wp-json\/wp\/v2\/types\/page"}],"author":[{"embeddable":true,"href":"https:\/\/www.mesys.de\/de\/wp-json\/wp\/v2\/users\/5"}],"replies":[{"embeddable":true,"href":"https:\/\/www.mesys.de\/de\/wp-json\/wp\/v2\/comments?post=2131"}],"version-history":[{"count":5,"href":"https:\/\/www.mesys.de\/de\/wp-json\/wp\/v2\/pages\/2131\/revisions"}],"predecessor-version":[{"id":2812,"href":"https:\/\/www.mesys.de\/de\/wp-json\/wp\/v2\/pages\/2131\/revisions\/2812"}],"wp:attachment":[{"href":"https:\/\/www.mesys.de\/de\/wp-json\/wp\/v2\/media?parent=2131"}],"curies":[{"name":"wp","href":"https:\/\/api.w.org\/{rel}","templated":true}]}}