{"id":2155,"date":"2018-10-16T13:02:13","date_gmt":"2018-10-16T11:02:13","guid":{"rendered":"https:\/\/www.mesys.de\/?page_id=2155"},"modified":"2024-03-19T08:59:47","modified_gmt":"2024-03-19T07:59:47","slug":"gewichtsmessung","status":"publish","type":"page","link":"https:\/\/www.mesys.de\/de\/gewichtsmessung\/","title":{"rendered":"Gewichtsmessung"},"content":{"rendered":"\r\n<div class=\"wp-block-cover has-background-dim-10 has-blau-d-background-color has-background-dim alignfull min-height-Xvw\" style=\"background-image: url('https:\/\/www.mesys.de\/wp-content\/uploads\/Header_.jpg');background-size: cover\">\r\n<div class=\"wp-block-cover__inner-container is-layout-flow wp-block-cover-is-layout-flow\">\r\n<p class=\"has-text-align-center has-large-font-size\"><\/p>\r\n<\/div><\/div>\r\n\r\n\r\n\r\n<div style=\"height:70px\" aria-hidden=\"true\" class=\"wp-block-spacer\"><\/div>\r\n\r\n\r\n\r\n<div class=\"wp-block-image\"><figure class=\"aligncenter is-resized\"><img loading=\"lazy\" decoding=\"async\" src=\"https:\/\/www.mesys.de\/wp-content\/uploads\/mesys-icon-weight-measurement-a.svg\" alt=\"Icon weight measurement - MeSys GmbH\" class=\"wp-image-1936\" width=\"182\" height=\"122\"\/><\/figure><\/div>\r\n\r\n\r\n\r\n<h1 class=\"has-text-align-center top-0 wp-block-heading\">Gewichtsmessung<\/h1>\r\n\r\n\r\n\r\n<hr class=\"wp-block-separator\"\/>\r\n\r\n\r\n\r\n<p>Wir von MeSys sind der weltweit erste Hersteller, der eine echte inline Gewichtsmessungstechnologie f\u00fcr kompakte Materialien entwickelt hat. Unsere patentierte USMX 200 und 500 Ultraschalltechnologie ist der erste und immer noch einzige Sensor f\u00fcr direkte Gewichtsmessung, der nicht von der chemischen Zusammensetzung des Materials, der Farbe oder Dichte beeinflusst wird. Bei Materialwechsel ist keine Kalibrierung n\u00f6tig. <\/p>\r\n\r\n\r\n\r\n<p>F\u00fcr\r\nHerstellungsprozesse von nicht kompakten Materialien (Schaumstoffe oder Vlies) haben\r\nwir eine hoch entwickelte, mikroprozessorgesteuerte R\u00f6ntgensensorik entwickelt.\r\nSo erreichen wir einen sehr konstanten R\u00f6ntgenfluss und eine ausgezeichnete\r\nMessmethode mit Emitter im niedrigen kV-Bereich (keine Strahlungsdispersion).<\/p>\r\n\r\n\r\n\r\n<p> <\/p>\r\n\r\n\r\n\r\n<div style=\"height:70px\" aria-hidden=\"true\" class=\"wp-block-spacer\"><\/div>\r\n\r\n\r\n\r\n<h3 class=\"has-text-align-center wp-block-heading\" id=\"usmx\">USMX &#8211; Ultraschallabsorption<\/h3>\r\n\r\n\r\n\r\n<hr class=\"wp-block-separator alignwide\"\/>\r\n\r\n\r\n\r\n<div class=\"wp-block-columns alignwide has-3-columns is-layout-flex wp-container-core-columns-is-layout-9d6595d7 wp-block-columns-is-layout-flex\">\r\n<div class=\"wp-block-column is-layout-flow wp-block-column-is-layout-flow\">\r\n<figure class=\"wp-block-image\"><img decoding=\"async\" src=\"https:\/\/www.mesys.de\/wp-content\/uploads\/MeSys_Sensor_USMX.svg\" alt=\"Pictogram MeSys Sensor USMX\" class=\"wp-image-489\"\/><\/figure>\r\n<\/div>\r\n\r\n\r\n\r\n<div class=\"wp-block-column is-layout-flow wp-block-column-is-layout-flow\">\r\n<p><\/p>\r\n\r\n\r\n\r\n<p>Ultraschallabsorption<br>Ber\u00fchrungslos<br>Nicht radiometrisch<br>0 \u2013 4000 gsm<\/p>\r\n\r\n\r\n\r\n<p><\/p>\r\n<\/div>\r\n\r\n\r\n\r\n<div class=\"wp-block-column is-layout-flow wp-block-column-is-layout-flow\">\r\n<p><\/p>\r\n\r\n\r\n\r\n<p>Die Ultraschallabsorption ist eine neue, patentierte Messmethode, um das Fl\u00e4chengewicht und\/oder Dicke von d\u00fcnnen Materialen zu bestimmen. Es k\u00f6nnen damit alle Materialien, zum Beispiel Vlies, Papier und Kunststoff genauso wie elektrisch leitf\u00e4hige Materialien wie Aluminium, beschichtetes Material, Gold usw. im Durchlauf sowie ber\u00fchrungslos gemessen werden. Mit der kleinsten Dicke erreichen wir eine Pr\u00e4zision von 20 nm. F\u00fcr die schmale Sensortechnologie haben wir ein Lichtmessrahmen aus Aluminiumprofilen f\u00fcr eine Scanbreite bis zu 10 Meter entwickelt. <\/p>\r\n\r\n\r\n\r\n<p style=\"text-align: right; margin-top: 50px;\"><a href=\"https:\/\/www.mesys.de\/wp-content\/uploads\/MeSys-USM-200-500-en.pdf\" target=\"_blank\" rel=\"noopener noreferrer\"><i style=\"font-size: 32px;\" class=\"fas fa-file-pdf\"><\/i> &nbsp; Download PDF<\/a><\/p>\r\n<\/div>\r\n<\/div>\r\n\r\n\r\n\r\n<h3 class=\"has-text-align-center wp-block-heading\" id=\"trx\">TRX01 \u2013 R\u00f6ntgenstrahlung in Transmission oder R\u00fcckstreuung<\/h3>\r\n\r\n\r\n\r\n<hr class=\"wp-block-separator alignwide\"\/>\r\n\r\n\r\n\r\n<div class=\"wp-block-columns alignwide has-3-columns is-layout-flex wp-container-core-columns-is-layout-9d6595d7 wp-block-columns-is-layout-flex\">\r\n<div class=\"wp-block-column is-layout-flow wp-block-column-is-layout-flow\">\r\n<figure class=\"wp-block-image\"><img decoding=\"async\" src=\"https:\/\/www.mesys.de\/wp-content\/uploads\/MeSys_Sensor-TRX01-SEN5BS.svg\" alt=\"Pictogram MeSys Sensor TRX01 - SEN5BS\" class=\"wp-image-478\"\/><\/figure>\r\n<\/div>\r\n\r\n\r\n\r\n<div class=\"wp-block-column is-layout-flow wp-block-column-is-layout-flow\">\r\n<p><\/p>\r\n\r\n\r\n\r\n<p>R\u00f6ntgenstrahlung in Transmission oder R\u00fcckstreuung<br>Ber\u00fchrungslos<br>Nicht radiometrisch<br>0,5 \u2013 10.000 gsm<\/p>\r\n\r\n\r\n\r\n<p><\/p>\r\n<\/div>\r\n\r\n\r\n\r\n<div class=\"wp-block-column is-layout-flow wp-block-column-is-layout-flow\">\r\n<p><\/p>\r\n\r\n\r\n\r\n<p>Der TRX01 zeichnet sich durch eine weiche R\u00f6ntgenstrahlung von &lt; 5Kv oder &lt; 30 Kv aus. Die Gewichtsmessung wird im Transmissionsmodus durch die Absorption von Material erm\u00f6glicht. Die online Messung ist f\u00fcr schwere Produkte und raue Produktionsumgebungen pr\u00e4destiniert. <\/p>\r\n\r\n\r\n\r\n<p style=\"text-align: right; margin-top: 50px;\"><a href=\"https:\/\/www.mesys.de\/wp-content\/uploads\/MeSys-TRX01-en.pdf\" target=\"_blank\" rel=\"noopener noreferrer\"><i style=\"font-size: 32px;\" class=\"fas fa-file-pdf\"><\/i> &nbsp; Download PDF<\/a><\/p>\r\n<\/div>\r\n<\/div>\r\n","protected":false},"excerpt":{"rendered":"<p>Gewichtsmessung Wir von MeSys sind der weltweit erste Hersteller, der eine echte inline Gewichtsmessungstechnologie f\u00fcr kompakte Materialien entwickelt hat. Unsere patentierte USMX 200 und 500 Ultraschalltechnologie ist der erste und immer noch einzige Sensor f\u00fcr direkte Gewichtsmessung, der nicht von der chemischen Zusammensetzung des Materials, der Farbe oder Dichte beeinflusst wird. Bei Materialwechsel ist keine &hellip;<\/p>\n","protected":false},"author":5,"featured_media":0,"parent":0,"menu_order":22,"comment_status":"closed","ping_status":"closed","template":"page-mesys.php","meta":{"_seopress_robots_primary_cat":"","_seopress_titles_title":"Gewichtsmessung | MeSys GmbH","_seopress_titles_desc":"Die patentierte USMX 200 und 500 Ultraschalltechnologie ist der erste und immer noch einzige Sensor f\u00fcr direkte Gewichtsmessung, der nicht von der chemischen Zusammensetzung des Materials, der Farbe oder Dichte beeinflusst wird.","_seopress_robots_index":"","footnotes":""},"class_list":["post-2155","page","type-page","status-publish","hentry","post","without-featured-image"],"_links":{"self":[{"href":"https:\/\/www.mesys.de\/de\/wp-json\/wp\/v2\/pages\/2155","targetHints":{"allow":["GET"]}}],"collection":[{"href":"https:\/\/www.mesys.de\/de\/wp-json\/wp\/v2\/pages"}],"about":[{"href":"https:\/\/www.mesys.de\/de\/wp-json\/wp\/v2\/types\/page"}],"author":[{"embeddable":true,"href":"https:\/\/www.mesys.de\/de\/wp-json\/wp\/v2\/users\/5"}],"replies":[{"embeddable":true,"href":"https:\/\/www.mesys.de\/de\/wp-json\/wp\/v2\/comments?post=2155"}],"version-history":[{"count":4,"href":"https:\/\/www.mesys.de\/de\/wp-json\/wp\/v2\/pages\/2155\/revisions"}],"predecessor-version":[{"id":4200,"href":"https:\/\/www.mesys.de\/de\/wp-json\/wp\/v2\/pages\/2155\/revisions\/4200"}],"wp:attachment":[{"href":"https:\/\/www.mesys.de\/de\/wp-json\/wp\/v2\/media?parent=2155"}],"curies":[{"name":"wp","href":"https:\/\/api.w.org\/{rel}","templated":true}]}}