{"id":2162,"date":"2018-10-16T13:46:03","date_gmt":"2018-10-16T11:46:03","guid":{"rendered":"https:\/\/www.mesys.de\/?page_id=2162"},"modified":"2024-03-19T09:01:21","modified_gmt":"2024-03-19T08:01:21","slug":"feuchtigkeitsmessung","status":"publish","type":"page","link":"https:\/\/www.mesys.de\/de\/feuchtigkeitsmessung\/","title":{"rendered":"Feuchtigkeitsmessung"},"content":{"rendered":"\r\n<div class=\"wp-block-cover has-background-dim-10 has-blau-d-background-color has-background-dim alignfull min-height-Xvw\" style=\"background-image: url('https:\/\/www.mesys.de\/wp-content\/uploads\/Header_.jpg');background-size: cover\">\r\n<div class=\"wp-block-cover__inner-container is-layout-flow wp-block-cover-is-layout-flow\">\r\n<p style=\"text-align:center\" class=\"has-large-font-size\"><\/p>\r\n<\/div><\/div>\r\n\r\n\r\n\r\n<div style=\"height:70px\" aria-hidden=\"true\" class=\"wp-block-spacer\"><\/div>\r\n\r\n\r\n\r\n<div class=\"wp-block-image\"><figure class=\"aligncenter is-resized\"><img loading=\"lazy\" decoding=\"async\" src=\"https:\/\/www.mesys.de\/wp-content\/uploads\/mesys-icon-moisture-measurement-a.svg\" alt=\"Icon moisture measurement - MeSys GmbH\" class=\"wp-image-1944\" width=\"182\" height=\"118\"\/><\/figure><\/div>\r\n\r\n\r\n\r\n<h1 class=\"top-0 wp-block-heading\" style=\"text-align:center\">Feuchtigkeitsmessung<\/h1>\r\n\r\n\r\n\r\n<hr class=\"wp-block-separator\"\/>\r\n\r\n\r\n\r\n<p>Wir decken im Bereich der Feuchtigkeitsmessung und Bestimmung der Feuchte alle Materialien ab. Unsere zerst\u00f6rungsfreie, ber\u00fchrungslose NIR-Messtechnik bietet eine einfache, zuverl\u00e4ssige und effektive L\u00f6sung f\u00fcr Papier- und Vliesanwendungen oder die Beschichtung von Metallfolien. F\u00fcr mehrfarbige und schwere Materialien bieten wir hochwertige Mikrowellensensorik.<\/p>\r\n\r\n\r\n\r\n<div style=\"height:70px\" aria-hidden=\"true\" class=\"wp-block-spacer\"><\/div>\r\n\r\n\r\n\r\n<h3 class=\"wp-block-heading\" style=\"text-align:center\">MCT NIR &#8211; Nahinfrarotsensor<\/h3>\r\n\r\n\r\n\r\n<hr class=\"wp-block-separator alignwide\"\/>\r\n\r\n\r\n\r\n<div class=\"wp-block-columns alignwide has-3-columns is-layout-flex wp-container-core-columns-is-layout-9d6595d7 wp-block-columns-is-layout-flex\">\r\n<div class=\"wp-block-column is-layout-flow wp-block-column-is-layout-flow\">\r\n<figure class=\"wp-block-image\"><img decoding=\"async\" src=\"https:\/\/www.mesys.de\/wp-content\/uploads\/MeSys_Sensor-MCT-NIR.svg\" alt=\"Pictogram MeSys Sensor MCT - NIR\" class=\"wp-image-472\"\/><\/figure>\r\n<\/div>\r\n\r\n\r\n\r\n<div class=\"wp-block-column is-layout-flow wp-block-column-is-layout-flow\">\r\n<p><\/p>\r\n\r\n\r\n\r\n<p>Nahinfrarotsensor<br>\r\nber\u00fchrungslos<br>\r\nnicht radiometrisch<br>\r\nFeuchtigkeit \u2013 Auftragsgewicht<\/p>\r\n\r\n\r\n\r\n<p><\/p>\r\n<\/div>\r\n\r\n\r\n\r\n<div class=\"wp-block-column is-layout-flow wp-block-column-is-layout-flow\">\r\n<p><\/p>\r\n\r\n\r\n\r\n<p>Mit MCT NIR kann online die Feuchtigkeit gemessen werden. Die Dicke von Beschichtungen wird durch die Absorption von Wellenl\u00e4ngen ermittelt.<\/p>\r\n\r\n\r\n\r\n<p style=\"text-align: right; margin-top: 50px;\"><a href=\"https:\/\/www.mesys.de\/wp-content\/uploads\/MeSys-MCT-NIR-en.pdf\" target=\"_blank\" rel=\"noopener noreferrer\"><i style=\"font-size: 32px;\" class=\"fas fa-file-pdf\"><\/i> &nbsp; Download PDF<\/a><\/p>\r\n<\/div>\r\n<\/div>\r\n\r\n\r\n\r\n<h3 class=\"wp-block-heading\" style=\"text-align:center\">DS \/ MMH &#8211; Mikrowellensensor<\/h3>\r\n\r\n\r\n\r\n<hr class=\"wp-block-separator alignwide\"\/>\r\n\r\n\r\n\r\n<div class=\"wp-block-columns alignwide has-3-columns is-layout-flex wp-container-core-columns-is-layout-9d6595d7 wp-block-columns-is-layout-flex\">\r\n<div class=\"wp-block-column is-layout-flow wp-block-column-is-layout-flow\">\r\n<p><\/p>\r\n<\/div>\r\n\r\n\r\n\r\n<div class=\"wp-block-column is-layout-flow wp-block-column-is-layout-flow\">\r\n<p><\/p>\r\n\r\n\r\n\r\n<p>Mikrowellensensor<br>Feuchtigkeitsmessung<br>2 \u2013 70 Prozent<\/p>\r\n\r\n\r\n\r\n<p><\/p>\r\n<\/div>\r\n\r\n\r\n\r\n<div class=\"wp-block-column is-layout-flow wp-block-column-is-layout-flow\">\r\n<p><\/p>\r\n\r\n\r\n\r\n<p>Bei DS \/ MMH wird die Mikrowellenfrequenzabweichung als Messprinzip genutzt. Der eingesetzte Sensor ist ein Mirkowellen-Hohlraumresonator. Das bedeutet, dass das Ger\u00e4t gegen\u00fcber den meisten F\u00fcllungen extrem unempfindlich ist. Die Feuchtigkeitsmessung eignet sich f\u00fcr alle Typen von Papier, Textilien, mehrlagigen Materialien usw. <\/p>\r\n\r\n\r\n\r\n<p style=\"text-align: right; margin-top: 50px;\"><a href=\"https:\/\/www.mesys.de\/wp-content\/uploads\/MeSys-DS-Moisture-Sensor-en.pdf\" target=\"_blank\" rel=\"noopener noreferrer\"><i style=\"font-size: 32px;\" class=\"fas fa-file-pdf\"><\/i> &nbsp; Download PDF<\/a><\/p>\r\n<\/div>\r\n<\/div>\r\n","protected":false},"excerpt":{"rendered":"<p>Feuchtigkeitsmessung Wir decken im Bereich der Feuchtigkeitsmessung und Bestimmung der Feuchte alle Materialien ab. Unsere zerst\u00f6rungsfreie, ber\u00fchrungslose NIR-Messtechnik bietet eine einfache, zuverl\u00e4ssige und effektive L\u00f6sung f\u00fcr Papier- und Vliesanwendungen oder die Beschichtung von Metallfolien. F\u00fcr mehrfarbige und schwere Materialien bieten wir hochwertige Mikrowellensensorik. MCT NIR &#8211; Nahinfrarotsensor Nahinfrarotsensor ber\u00fchrungslos nicht radiometrisch Feuchtigkeit \u2013 Auftragsgewicht Mit &hellip;<\/p>\n","protected":false},"author":5,"featured_media":0,"parent":0,"menu_order":24,"comment_status":"closed","ping_status":"closed","template":"page-mesys.php","meta":{"_seopress_robots_primary_cat":"","_seopress_titles_title":"Feuchtigkeitsmessung | MeSys GmbH","_seopress_titles_desc":"Unsere zerst\u00f6rungsfreie, ber\u00fchrungslose NIR-Messtechnik bietet eine einfache, zuverl\u00e4ssige und effektive Feuchtigkeitsmessung f\u00fcr Papier- und Vliesanwendungen oder die Beschichtung von Metallfolien.","_seopress_robots_index":"","footnotes":""},"class_list":["post-2162","page","type-page","status-publish","hentry","post","without-featured-image"],"_links":{"self":[{"href":"https:\/\/www.mesys.de\/de\/wp-json\/wp\/v2\/pages\/2162","targetHints":{"allow":["GET"]}}],"collection":[{"href":"https:\/\/www.mesys.de\/de\/wp-json\/wp\/v2\/pages"}],"about":[{"href":"https:\/\/www.mesys.de\/de\/wp-json\/wp\/v2\/types\/page"}],"author":[{"embeddable":true,"href":"https:\/\/www.mesys.de\/de\/wp-json\/wp\/v2\/users\/5"}],"replies":[{"embeddable":true,"href":"https:\/\/www.mesys.de\/de\/wp-json\/wp\/v2\/comments?post=2162"}],"version-history":[{"count":3,"href":"https:\/\/www.mesys.de\/de\/wp-json\/wp\/v2\/pages\/2162\/revisions"}],"predecessor-version":[{"id":4203,"href":"https:\/\/www.mesys.de\/de\/wp-json\/wp\/v2\/pages\/2162\/revisions\/4203"}],"wp:attachment":[{"href":"https:\/\/www.mesys.de\/de\/wp-json\/wp\/v2\/media?parent=2162"}],"curies":[{"name":"wp","href":"https:\/\/api.w.org\/{rel}","templated":true}]}}