{"id":345,"date":"2018-09-28T11:44:09","date_gmt":"2018-09-28T09:44:09","guid":{"rendered":"https:\/\/www.mesys.de\/?page_id=345"},"modified":"2025-01-09T11:47:51","modified_gmt":"2025-01-09T10:47:51","slug":"historie","status":"publish","type":"page","link":"https:\/\/www.mesys.de\/de\/historie\/","title":{"rendered":"Firmengeschichte"},"content":{"rendered":"\r\n<div class=\"wp-block-cover has-background-dim-10 has-blau-d-background-color has-background-dim alignfull has-undefined-content min-height-Xvw\"><img loading=\"lazy\" decoding=\"async\" width=\"2100\" height=\"280\" class=\"wp-block-cover__image-background wp-image-1967\" src=\"https:\/\/www.mesys.de\/wp-content\/uploads\/MeSys-Header3_2100x280.jpg\" alt=\"\" data-object-fit=\"cover\" srcset=\"https:\/\/www.mesys.de\/wp-content\/uploads\/MeSys-Header3_2100x280.jpg 2100w, https:\/\/www.mesys.de\/wp-content\/uploads\/MeSys-Header3_2100x280-768x102.jpg 768w, https:\/\/www.mesys.de\/wp-content\/uploads\/MeSys-Header3_2100x280-1200x160.jpg 1200w, https:\/\/www.mesys.de\/wp-content\/uploads\/MeSys-Header3_2100x280-1400x187.jpg 1400w, https:\/\/www.mesys.de\/wp-content\/uploads\/MeSys-Header3_2100x280-300x40.jpg 300w\" sizes=\"auto, (max-width: 2100px) 100vw, 2100px\" \/>\r\n<div class=\"wp-block-cover__inner-container is-layout-flow wp-block-cover-is-layout-flow\">\r\n<p class=\"has-text-align-center has-large-font-size\">\u00a0<\/p>\r\n<\/div>\r\n<\/div>\r\n\r\n\r\n\r\n<h1 class=\"wp-block-heading\">Firmengeschichte<\/h1>\r\n\r\n\r\n\r\n\r\n\r\n<p>Die MeSys GmbH wurde vor rund 30 Jahren von Entwicklungsingenieur Helmut Knorr gegr\u00fcndet. Von Anfang an war es das Ziel von Helmut Knorr, einfache, effektive, zuverl\u00e4ssige und sichere On- und Offline-Messsysteme zu entwickeln und herzustellen. Wir sind marktf\u00fchrend in der Bereitstellung exzellenter L\u00f6sungen f\u00fcr eine Vielzahl von High-End-Fertigungsprozessen und sind seit \u00fcber zehn Jahren Teil eines wachsenden Trends. Dies ist der Vision und dem Engagement von Herrn Knorr zu verdanken, der es geschafft hat, ein erfahrenes Team von spezialisierten Technikern und Ingenieuren f\u00fcr Produktionsprozesse zusammenzustellen.<\/p>\r\n<p>Heute leitet Herr Gianluca Elmo als Gesch\u00e4ftsf\u00fchrer das kontinuierliche Wachstum von MeSys. Weltweite Vertriebs- und Serviceeinrichtungen in Amerika, Europa und Asien erm\u00f6glichen es uns, von einem st\u00e4ndig wachsenden und anspruchsvollen Weltmarkt positiv bewertet zu werden.<\/p>\r\n","protected":false},"excerpt":{"rendered":"<p>Firmengeschichte Die MeSys GmbH wurde vor rund 30 Jahren von Entwicklungsingenieur Helmut Knorr gegr\u00fcndet. Von Anfang an war es das Ziel von Helmut Knorr, einfache, effektive, zuverl\u00e4ssige und sichere On- und Offline-Messsysteme zu entwickeln und herzustellen. Wir sind marktf\u00fchrend in der Bereitstellung exzellenter L\u00f6sungen f\u00fcr eine Vielzahl von High-End-Fertigungsprozessen und sind seit \u00fcber zehn Jahren &hellip;<\/p>\n","protected":false},"author":5,"featured_media":0,"parent":0,"menu_order":70,"comment_status":"closed","ping_status":"closed","template":"page-mesys.php","meta":{"_seopress_robots_primary_cat":"","_seopress_titles_title":"Firmengeschichte | MeSys GmbH","_seopress_titles_desc":"Die MeSys GmbH wurde vor rund 30 Jahren gegr\u00fcndet. Von Anfang an war es das Ziel, einfache, effektive, zuverl\u00e4ssige und sichere inline und offline Messsysteme zu entwickeln und herzustellen.","_seopress_robots_index":"","footnotes":""},"class_list":["post-345","page","type-page","status-publish","hentry","post","without-featured-image"],"_links":{"self":[{"href":"https:\/\/www.mesys.de\/de\/wp-json\/wp\/v2\/pages\/345","targetHints":{"allow":["GET"]}}],"collection":[{"href":"https:\/\/www.mesys.de\/de\/wp-json\/wp\/v2\/pages"}],"about":[{"href":"https:\/\/www.mesys.de\/de\/wp-json\/wp\/v2\/types\/page"}],"author":[{"embeddable":true,"href":"https:\/\/www.mesys.de\/de\/wp-json\/wp\/v2\/users\/5"}],"replies":[{"embeddable":true,"href":"https:\/\/www.mesys.de\/de\/wp-json\/wp\/v2\/comments?post=345"}],"version-history":[{"count":4,"href":"https:\/\/www.mesys.de\/de\/wp-json\/wp\/v2\/pages\/345\/revisions"}],"predecessor-version":[{"id":4292,"href":"https:\/\/www.mesys.de\/de\/wp-json\/wp\/v2\/pages\/345\/revisions\/4292"}],"wp:attachment":[{"href":"https:\/\/www.mesys.de\/de\/wp-json\/wp\/v2\/media?parent=345"}],"curies":[{"name":"wp","href":"https:\/\/api.w.org\/{rel}","templated":true}]}}