{"id":651,"date":"2018-10-05T11:40:12","date_gmt":"2018-10-05T09:40:12","guid":{"rendered":"https:\/\/www.mesys.de\/?page_id=651"},"modified":"2024-02-16T12:13:48","modified_gmt":"2024-02-16T11:13:48","slug":"kontakt","status":"publish","type":"page","link":"https:\/\/www.mesys.de\/de\/kontakt\/","title":{"rendered":"Kontakt"},"content":{"rendered":"\r\n<div class=\"wp-block-cover alignfull has-background-dim-10 has-blau-d-background-color has-background-dim min-height-Xvw\"><img decoding=\"async\" class=\"wp-block-cover__image-background wp-image-1968\" src=\"https:\/\/www.mesys.de\/wp-content\/uploads\/MeSys-Header3_2100x280.jpg\" alt=\"\" data-object-fit=\"cover\" \/>\r\n<div class=\"wp-block-cover__inner-container is-layout-flow wp-block-cover-is-layout-flow\">\r\n<p class=\"has-text-align-center has-large-font-size\">\u00a0<\/p>\r\n<\/div>\r\n<\/div>\r\n\r\n\r\n\r\n<h1 class=\"alignwide wp-block-heading\">Kontaktieren Sie uns<\/h1>\r\n\r\n\r\n\r\n<div class=\"wp-block-spacer\" style=\"height: 50px;\" aria-hidden=\"true\">\u00a0<\/div>\r\n\r\n\r\n\r\n<div class=\"wp-block-columns alignwide has-2-columns two-columns-40-60 no-indent is-layout-flex wp-container-core-columns-is-layout-9d6595d7 wp-block-columns-is-layout-flex\">\r\n<div class=\"wp-block-column is-layout-flow wp-block-column-is-layout-flow\">\r\n<p class=\"has-text-align-left width60 top-0\" style=\"font-weight: 500; color: #385c92; font-size: 22px;\">Headquarter<\/p>\r\n\r\n\r\n\r\n<p>MeSys GmbH<br \/><a title=\"Routenplanung mit Google Maps\" href=\"https:\/\/goo.gl\/maps\/3bKvqCgU3Wt\" target=\"_blank\" rel=\"noopener\">Gewerbering 10<br \/>86926 Greifenberg<\/a><br \/>Deutschland<\/p>\r\n\r\n\r\n\r\n<p>Telefon <br \/><a href=\"tel:+4981929972000\">+49 (0) 8192 997 2000<\/a><br \/><br \/><\/p>\r\n\r\n\r\n\r\n<p>E-mail<br \/><a href=\"&#104;&#x74;t&#x70;&#x3a;&#47;&#x2f;o&#x66;&#x66;&#105;&#x63;e&#x40;&#x6d;&#101;&#x73;y&#x73;&#x2e;&#100;&#x65;\">&#x6f;&#x66;&#102;&#105;&#99;e&#x40;&#x6d;&#x65;&#115;&#121;s&#46;&#x64;&#x65;<\/a><\/p>\r\n\r\n\r\n\r\n<p>Telephone <br \/><a href=\"tel:+4981929972000\">+49 (0) 8192 997 2000<\/a><\/p>\r\n<p>E-mail<br \/><a href=\"h&#116;&#x74;&#x70;:&#47;&#x2f;&#x6f;f&#102;&#x69;&#x63;e&#64;&#x6d;&#x65;s&#121;&#x73;&#x2e;d&#101;\">&#x6f;&#102;&#x66;&#x69;&#99;&#x65;&#x40;&#109;&#x65;&#x73;&#121;&#x73;&#x2e;d&#x65;<\/a><br \/><br \/><\/p>\r\n<p>&nbsp;<\/p>\r\n<p><strong>CHINA<\/strong><br \/><span style=\"color: #3366ff;\"><a style=\"color: #3366ff;\" href=\"https:\/\/www.marposs.com\/eng\/address\/china-5\">MARPOSS (SHANGHAI) TECHNOLOGIES Co., Ltd. &#8211; Head Office<\/a><\/span><\/p>\r\n<p><strong>JAPAN<\/strong><br \/><span style=\"color: #3366ff;\"><a style=\"color: #3366ff;\" href=\"https:\/\/www.marposs.com\/eng\/address\/japan\">MARPOSS KABUSHIKI KAISHA &#8211; Head Office<\/a><\/span><\/p>\r\n<p>&nbsp;<\/p>\r\n\r\n\r\n\r\n<div class=\"wp-block-spacer\" style=\"height: 30px;\" aria-hidden=\"true\">\u00a0<\/div>\r\n<\/div>\r\n\r\n\r\n\r\n<div class=\"wp-block-column is-layout-flow wp-block-column-is-layout-flow\">\r\n<h3 class=\"border-bottom top-0 wp-block-heading\">Ihre Nachricht<\/h3>\r\n\r\n\r\n\r\n<div class=\"wp-block-spacer\" style=\"height: 25px;\" aria-hidden=\"true\">\u00a0<\/div>\r\n\r\n\r\n\n<div class=\"wpcf7 no-js\" id=\"wpcf7-f917-o1\" lang=\"de-DE\" dir=\"ltr\" data-wpcf7-id=\"917\">\n<div class=\"screen-reader-response\"><p role=\"status\" aria-live=\"polite\" aria-atomic=\"true\"><\/p> <ul><\/ul><\/div>\n<form action=\"\/de\/wp-json\/wp\/v2\/pages\/651#wpcf7-f917-o1\" method=\"post\" class=\"wpcf7-form init\" aria-label=\"Kontaktformular\" novalidate=\"novalidate\" data-status=\"init\">\n<fieldset class=\"hidden-fields-container\"><input type=\"hidden\" name=\"_wpcf7\" value=\"917\" \/><input type=\"hidden\" name=\"_wpcf7_version\" value=\"6.1.5\" \/><input type=\"hidden\" name=\"_wpcf7_locale\" value=\"de_DE\" \/><input type=\"hidden\" name=\"_wpcf7_unit_tag\" value=\"wpcf7-f917-o1\" \/><input type=\"hidden\" name=\"_wpcf7_container_post\" value=\"0\" \/><input type=\"hidden\" name=\"_wpcf7_posted_data_hash\" value=\"\" \/>\n<\/fieldset>\n<p><label> Vorname Name *<br \/>\n<span class=\"wpcf7-form-control-wrap\" data-name=\"your-name\"><input size=\"40\" maxlength=\"400\" class=\"wpcf7-form-control wpcf7-text wpcf7-validates-as-required\" aria-required=\"true\" aria-invalid=\"false\" value=\"\" type=\"text\" name=\"your-name\" \/><\/span> <\/label>\n<\/p>\n<p><label> E-Mail *<br \/>\n<span class=\"wpcf7-form-control-wrap\" data-name=\"your-email\"><input size=\"40\" maxlength=\"400\" class=\"wpcf7-form-control wpcf7-email wpcf7-validates-as-required wpcf7-text wpcf7-validates-as-email\" aria-required=\"true\" aria-invalid=\"false\" value=\"\" type=\"email\" name=\"your-email\" \/><\/span> <\/label>\n<\/p>\n<p><label> Betreff *<br \/>\n<span class=\"wpcf7-form-control-wrap\" data-name=\"your-subject\"><input size=\"40\" maxlength=\"400\" class=\"wpcf7-form-control wpcf7-text wpcf7-validates-as-required\" aria-required=\"true\" aria-invalid=\"false\" value=\"\" type=\"text\" name=\"your-subject\" \/><\/span> <\/label>\n<\/p>\n<p><label> Nachricht *<br \/>\n<span class=\"wpcf7-form-control-wrap\" data-name=\"your-message\"><textarea cols=\"40\" rows=\"10\" maxlength=\"2000\" class=\"wpcf7-form-control wpcf7-textarea wpcf7-validates-as-required\" aria-required=\"true\" aria-invalid=\"false\" name=\"your-message\"><\/textarea><\/span> <\/label>\n<\/p>\n<div class=\"dsgvo-notice\">\n\t<p style=\"color: #555; line-height: 1.5; font-size: 95%; padding-top: 30px; margin-bottom: 0;\"><span class=\"wpcf7-form-control-wrap\" data-name=\"data\"><span class=\"wpcf7-form-control wpcf7-checkbox wpcf7-validates-as-required wpcf7-exclusive-checkbox\"><span class=\"wpcf7-list-item first last\"><label><input type=\"checkbox\" name=\"data\" value=\"* Ich stimme zu, dass meine Angaben aus dem Kontaktformular zur Beantwortung meiner Anfrage erhoben und verarbeitet werden. - Die Daten werden nach abgeschlossener Bearbeitung Ihrer Anfrage wieder vom Server gel\u00f6scht. Die \u00dcbertragung erfolgt verschl\u00fcsselt. Sie k\u00f6nnen Ihre Einwilligung jederzeit f\u00fcr die Zukunft per Email an uns widerrufen.\" \/><span class=\"wpcf7-list-item-label\">* Ich stimme zu, dass meine Angaben aus dem Kontaktformular zur Beantwortung meiner Anfrage erhoben und verarbeitet werden. - Die Daten werden nach abgeschlossener Bearbeitung Ihrer Anfrage wieder vom Server gel\u00f6scht. Die \u00dcbertragung erfolgt verschl\u00fcsselt. Sie k\u00f6nnen Ihre Einwilligung jederzeit f\u00fcr die Zukunft per Email an uns widerrufen.<\/span><\/label><\/span><\/span><\/span>\n\t<\/p>\n\t<p style=\"font-size: 85%; color: #555; text-align: right; margin: 20px 0 20px 30px;\">Detaillierte Informationen zum Umgang mit Nutzerdaten<br \/>\nfinden Sie in unserer <a target=\"_blank\" href=\"https:\/\/www.mesys.de\/de\/datenschutz\/\">Datenschutzerkl\u00e4rung<\/a>.\n\t<\/p>\n\t<p style=\"font-size: 85%; color: #555; margin: 20px 0; text-align: right;\">* Pflichtfelder\n\t<\/p>\n\t<p><div class=\"cf7-cf-turnstile\" style=\"margin-top: 0px; margin-bottom: -15px;\"> <div id=\"cf-turnstile-cf7-263988734\" class=\"cf-turnstile\" data-callback=\"turnstileCF7Callback\" data-sitekey=\"0x4AAAAAAAQkyONq1sHmZyY0\" data-theme=\"light\" data-language=\"auto\" data-size=\"\" data-retry=\"auto\" data-retry-interval=\"1000\" data-refresh-expired=\"auto\" data-refresh-timeout=\"auto\" data-action=\"contact-form-7\" data-callback=\"turnstileCF7Callback\" data-appearance=\"always\"><\/div> <style>.wpcf7-submit { pointer-events: none; opacity: 0.5; }<\/style> <script>document.addEventListener(\"DOMContentLoaded\", function() { setTimeout(function(){ var e=document.getElementById(\"cf-turnstile-cf7-263988734\"); if(e&&!e.innerHTML.trim()){turnstile.render(e, {sitekey:\"0x4AAAAAAAQkyONq1sHmZyY0\"});} }, 200); });<\/script> <br class=\"cf-turnstile-br cf-turnstile-br-cf7-263988734\"> <style>#cf-turnstile-cf7-263988734 { margin-left: -15px; }<\/style> <script>document.addEventListener(\"DOMContentLoaded\",function(){document.querySelectorAll('.wpcf7-form').forEach(function(e){e.addEventListener('submit',function(){if(document.getElementById('cf-turnstile-cf7-263988734')){setTimeout(function(){turnstile.reset('#cf-turnstile-cf7-263988734');},1000)}})})});<\/script> <\/div>\n\t<\/p>\n<\/div>\n<p><input class=\"wpcf7-form-control wpcf7-submit has-spinner\" type=\"submit\" value=\"Senden\" \/>\n<\/p><div class=\"wpcf7-response-output\" aria-hidden=\"true\"><\/div>\n<\/form>\n<\/div>\n<\/div>\n<\/div>\n<div class=\"wp-block-columns alignwide has-4-columns\">\n<div class=\"wp-block-column\">\n\r\n\r\n\r\n<div class=\"wp-block-spacer\" style=\"height: 30px;\" aria-hidden=\"true\">\u00a0<\/div>\r\n<\/div>\r\n<\/div>\r\n\r\n\r\n\r\n<div class=\"wp-block-spacer\" style=\"height: 100px;\" aria-hidden=\"true\">\u00a0<\/div>\r\n\r\n<p>&nbsp;<\/p>","protected":false},"excerpt":{"rendered":"<p>Kontaktieren Sie uns Headquarter MeSys GmbHGewerbering 1086926 GreifenbergDeutschland Telefon +49 (0) 8192 997 2000 E-mail Telephone +49 (0) 8192 997 2000 E-mail &nbsp; CHINAMARPOSS (SHANGHAI) TECHNOLOGIES Co., Ltd. &#8211; Head Office JAPANMARPOSS KABUSHIKI KAISHA &#8211; Head Office &nbsp; Ihre Nachricht &nbsp;<\/p>\n","protected":false},"author":5,"featured_media":0,"parent":0,"menu_order":99,"comment_status":"closed","ping_status":"closed","template":"page-mesys.php","meta":{"_seopress_robots_primary_cat":"","_seopress_titles_title":"","_seopress_titles_desc":"","_seopress_robots_index":"","footnotes":""},"class_list":["post-651","page","type-page","status-publish","hentry","post","without-featured-image"],"_links":{"self":[{"href":"https:\/\/www.mesys.de\/de\/wp-json\/wp\/v2\/pages\/651","targetHints":{"allow":["GET"]}}],"collection":[{"href":"https:\/\/www.mesys.de\/de\/wp-json\/wp\/v2\/pages"}],"about":[{"href":"https:\/\/www.mesys.de\/de\/wp-json\/wp\/v2\/types\/page"}],"author":[{"embeddable":true,"href":"https:\/\/www.mesys.de\/de\/wp-json\/wp\/v2\/users\/5"}],"replies":[{"embeddable":true,"href":"https:\/\/www.mesys.de\/de\/wp-json\/wp\/v2\/comments?post=651"}],"version-history":[{"count":37,"href":"https:\/\/www.mesys.de\/de\/wp-json\/wp\/v2\/pages\/651\/revisions"}],"predecessor-version":[{"id":4156,"href":"https:\/\/www.mesys.de\/de\/wp-json\/wp\/v2\/pages\/651\/revisions\/4156"}],"wp:attachment":[{"href":"https:\/\/www.mesys.de\/de\/wp-json\/wp\/v2\/media?parent=651"}],"curies":[{"name":"wp","href":"https:\/\/api.w.org\/{rel}","templated":true}]}}